{"id":49,"date":"2025-09-04T21:30:36","date_gmt":"2025-09-04T21:30:36","guid":{"rendered":"https:\/\/www.hospsolutions.com\/?page_id=49"},"modified":"2025-10-16T02:33:51","modified_gmt":"2025-10-16T02:33:51","slug":"inicio","status":"publish","type":"page","link":"https:\/\/www.hospsolutions.com\/en\/","title":{"rendered":"Start"},"content":{"rendered":"<div class=\"wp-block-uagb-container uagb-block-49b27e28 default uagb-is-root-container\">\n<div class=\"wp-block-cover aligncenter has-aspect-ratio wp-duotone-unset-2\" style=\"border-style:none;border-width:0px;border-radius:0px;padding-top:154px;padding-right:10px;padding-bottom:154px;padding-left:10px;min-height:66vh;aspect-ratio:auto;min-height:unset;\"><img loading=\"lazy\" decoding=\"async\" width=\"2560\" height=\"1440\" class=\"wp-block-cover__image-background wp-image-1535 size-full\" alt=\"\" src=\"https:\/\/www.hospsolutions.com\/wp-content\/uploads\/2025\/10\/PORTADA1.jpg\" style=\"object-position:48% 54%\" data-object-fit=\"cover\" data-object-position=\"48% 54%\" srcset=\"https:\/\/www.hospsolutions.com\/wp-content\/uploads\/2025\/10\/PORTADA1.jpg 2560w, https:\/\/www.hospsolutions.com\/wp-content\/uploads\/2025\/10\/PORTADA1-300x169.jpg 300w, https:\/\/www.hospsolutions.com\/wp-content\/uploads\/2025\/10\/PORTADA1-1024x576.jpg 1024w, https:\/\/www.hospsolutions.com\/wp-content\/uploads\/2025\/10\/PORTADA1-768x432.jpg 768w, https:\/\/www.hospsolutions.com\/wp-content\/uploads\/2025\/10\/PORTADA1-1536x864.jpg 1536w, https:\/\/www.hospsolutions.com\/wp-content\/uploads\/2025\/10\/PORTADA1-2048x1152.jpg 2048w, https:\/\/www.hospsolutions.com\/wp-content\/uploads\/2025\/10\/PORTADA1-18x10.jpg 18w\" sizes=\"auto, (max-width: 2560px) 100vw, 2560px\" \/><span aria-hidden=\"true\" class=\"wp-block-cover__background has-background-dim\"><\/span><div class=\"wp-block-cover__inner-container is-layout-constrained wp-container-core-cover-is-layout-d738e8db wp-block-cover-is-layout-constrained\">\n<div class=\"wp-block-group is-content-justification-center is-layout-constrained wp-container-core-group-is-layout-8193cfbb wp-block-group-is-layout-constrained\" style=\"border-style:none;border-width:0px;min-height:0px;margin-top:0rem;margin-bottom:0rem;padding-top:0px;padding-right:var(--wp--preset--spacing--30);padding-bottom:0px;padding-left:var(--wp--preset--spacing--30)\">\n<h4 class=\"wp-block-heading has-text-align-left has-white-color has-text-color\" style=\"border-style:none;border-width:0px;padding-top:0;padding-right:var(--wp--preset--spacing--30);padding-bottom:0;padding-left:var(--wp--preset--spacing--30);font-size:35px;font-style:normal;font-weight:700;letter-spacing:0px;line-height:1\">The talent your hotel needs to grow<\/h4>\n\n\n\n<p class=\"has-text-align-left\" style=\"padding-top:0;padding-right:var(--wp--preset--spacing--30);padding-bottom:0;padding-left:var(--wp--preset--spacing--30);font-size:19px\"><mark style=\"background-color:rgba(0, 0, 0, 0)\" class=\"has-inline-color has-ast-global-color-4-color\">We recruit, select and retain<br>better staff for your hotel team<\/mark><\/p>\n<\/div>\n\n\n\n<div class=\"wp-block-uagb-container uagb-block-8d855a38\"><\/div>\n\n\n\n<div class=\"wp-block-buttons alignwide is-vertical is-content-justification-left is-nowrap is-layout-flex wp-container-core-buttons-is-layout-d3a16918 wp-block-buttons-is-layout-flex\" style=\"border-style:none;border-width:0px;margin-top:-50px;margin-bottom:-50px;padding-top:0px;padding-right:8.7rem;padding-bottom:0px;padding-left:8.7rem\">\n<div class=\"wp-block-button is-style-outline uag-hide-mob is-style-outline--1\"><a class=\"wp-block-button__link has-text-align-center has-custom-font-size wp-element-button\" href=\"https:\/\/wa.link\/axkle4\" style=\"border-width:2px;border-radius:30px;padding-top:19px;padding-right:25px;padding-bottom:19px;padding-left:25px;font-size:16px;font-style:normal;font-weight:600;letter-spacing:0px;text-transform:uppercase\">Contact us<\/a><\/div>\n<\/div>\n<\/div><\/div>\n<\/div>\n\n\n\n<div class=\"wp-block-uagb-container uagb-block-06bfa33b alignfull uagb-is-root-container\"><div class=\"uagb-container-inner-blocks-wrap\">\n<div class=\"wp-block-uagb-container uagb-block-08bdd33a\"><\/div>\n<\/div><\/div>\n\n\n\n<div class=\"wp-block-uagb-container uagb-block-7ac83385 alignfull uagb-is-root-container\"><div class=\"uagb-container-inner-blocks-wrap\">\n<div class=\"wp-block-uagb-container uagb-block-5582d50c\">\n<div class=\"wp-block-uagb-image uagb-block-f6a97f1e wp-block-uagb-image--layout-default wp-block-uagb-image--effect-static wp-block-uagb-image--align-none\"><figure class=\"wp-block-uagb-image__figure\"><img decoding=\"async\" srcset=\"https:\/\/www.hospsolutions.com\/wp-content\/uploads\/2025\/09\/heart_12731678.png ,https:\/\/www.hospsolutions.com\/wp-content\/uploads\/2025\/09\/heart_12731678.png 780w, https:\/\/www.hospsolutions.com\/wp-content\/uploads\/2025\/09\/heart_12731678-150x150.png 360w\" sizes=\"auto, (max-width: 480px) 150px\" src=\"https:\/\/www.hospsolutions.com\/wp-content\/uploads\/2025\/09\/heart_12731678.png\" alt=\"\" class=\"uag-image-182\" width=\"140\" height=\"140\" title=\"heart_12731678\" loading=\"lazy\" role=\"img\"\/><\/figure><\/div>\n\n\n\n<p class=\"has-text-align-center has-black-color has-text-color has-link-color has-medium-font-size wp-elements-3fedda5e14ff2d4a24c5137b0f640446\" style=\"padding-top:0;padding-bottom:0\">Passion for service<\/p>\n\n\n\n<p class=\"has-text-align-center has-black-color has-text-color has-link-color wp-elements-2cf50e3c9724c8e072fe91be90b01206\" style=\"border-style:none;border-width:0px;padding-top:0px;padding-right:0;padding-bottom:0px;padding-left:0;font-size:15px;font-style:normal;font-weight:200\">A genuine vocation to serve, bringing warmth and professionalism to each hotel team.<\/p>\n<\/div>\n\n\n\n<div class=\"wp-block-uagb-container uagb-block-6e00710d\">\n<div class=\"wp-block-uagb-image uagb-block-40aec39e wp-block-uagb-image--layout-default wp-block-uagb-image--effect-static wp-block-uagb-image--align-none\"><figure class=\"wp-block-uagb-image__figure\"><img decoding=\"async\" srcset=\"https:\/\/www.hospsolutions.com\/wp-content\/uploads\/2025\/09\/badge_15102157.png ,https:\/\/www.hospsolutions.com\/wp-content\/uploads\/2025\/09\/badge_15102157.png 780w, https:\/\/www.hospsolutions.com\/wp-content\/uploads\/2025\/09\/badge_15102157-150x150.png 360w\" sizes=\"auto, (max-width: 480px) 150px\" src=\"https:\/\/www.hospsolutions.com\/wp-content\/uploads\/2025\/09\/badge_15102157.png\" alt=\"\" class=\"uag-image-180\" width=\"143\" height=\"140\" title=\"badge_15102157\" loading=\"lazy\" role=\"img\"\/><\/figure><\/div>\n\n\n\n<p class=\"has-text-align-center has-black-color has-text-color has-link-color has-medium-font-size wp-elements-54e36c9734a2e1744145d2cb426305b3\">Proven excellence<\/p>\n\n\n\n<p class=\"has-text-align-center has-black-color has-text-color has-link-color wp-elements-7679cee7e5c66ab73d34acc29616f15b\" style=\"font-size:15px;font-style:normal;font-weight:200\">Commitment to exceeding the expectations of every client and guest, ensuring quality in every detail.<\/p>\n<\/div>\n\n\n\n<div class=\"wp-block-uagb-container uagb-block-7114e898\">\n<div class=\"wp-block-uagb-image uagb-block-8822eeda wp-block-uagb-image--layout-default wp-block-uagb-image--effect-static wp-block-uagb-image--align-none\"><figure class=\"wp-block-uagb-image__figure\"><img decoding=\"async\" srcset=\"https:\/\/www.hospsolutions.com\/wp-content\/uploads\/2025\/09\/protection_12731964.png ,https:\/\/www.hospsolutions.com\/wp-content\/uploads\/2025\/09\/protection_12731964.png 780w, https:\/\/www.hospsolutions.com\/wp-content\/uploads\/2025\/09\/protection_12731964-150x150.png 360w\" sizes=\"auto, (max-width: 480px) 150px\" src=\"https:\/\/www.hospsolutions.com\/wp-content\/uploads\/2025\/09\/protection_12731964.png\" alt=\"\" class=\"uag-image-179\" width=\"140\" height=\"140\" title=\"protection_12731964\" loading=\"lazy\" role=\"img\"\/><\/figure><\/div>\n\n\n\n<p class=\"has-text-align-center has-black-color has-text-color has-link-color has-medium-font-size wp-elements-911a8b5978939bc427d9653675dad5e4\">Integrity and trust<\/p>\n\n\n\n<p class=\"has-text-align-center has-black-color has-text-color has-link-color wp-elements-65e873dcd6f1e008efbc365566291aae\" style=\"border-style:none;border-width:0px;font-size:15px;font-style:normal;font-weight:200\">Transparency in every selection process and respectful treatment of both clients and collaborators.<\/p>\n<\/div>\n<\/div><\/div>\n\n\n\n<div class=\"wp-block-columns is-layout-flex wp-container-core-columns-is-layout-0d2466c3 wp-block-columns-is-layout-flex\" style=\"padding-top:var(--wp--preset--spacing--20);padding-right:var(--wp--preset--spacing--20);padding-bottom:var(--wp--preset--spacing--20);padding-left:var(--wp--preset--spacing--20)\">\n<div class=\"wp-block-column is-vertically-aligned-center is-layout-flow wp-container-core-column-is-layout-7fd99fea wp-block-column-is-layout-flow\" style=\"padding-top:var(--wp--preset--spacing--50);padding-bottom:var(--wp--preset--spacing--50);flex-basis:100%\">\n<div class=\"wp-block-uagb-container uagb-block-cd8899ba alignfull uagb-is-root-container\"><div class=\"uagb-container-inner-blocks-wrap\">\n<div class=\"wp-block-media-text alignwide has-media-on-the-right is-stacked-on-mobile is-image-fill-element\" style=\"margin-top:0;margin-bottom:0;padding-top:0;padding-right:0;padding-bottom:0;padding-left:0;grid-template-columns:auto 42%\"><div class=\"wp-block-media-text__content\">\n<p class=\"has-text-align-center has-large-font-size\" style=\"margin-top:-5px;margin-right:var(--wp--preset--spacing--20);margin-bottom:-5px;margin-left:var(--wp--preset--spacing--20)\">PROVEN EXPERIENCE<\/p>\n\n\n\n<p class=\"has-text-align-center has-black-color has-text-color has-link-color has-medium-font-size wp-elements-5e79d02b84d8769ff67a0cecd3e3e702\" style=\"border-style:none;border-width:0px;padding-top:var(--wp--preset--spacing--40);padding-right:var(--wp--preset--spacing--70);padding-bottom:var(--wp--preset--spacing--40);padding-left:var(--wp--preset--spacing--70);font-style:normal;font-weight:200\">More than 10 years in the sector, connecting highly qualified talent with recognized hotel companies<\/p>\n<\/div><figure class=\"wp-block-media-text__media\"><img loading=\"lazy\" decoding=\"async\" width=\"921\" height=\"1024\" src=\"https:\/\/www.hospsolutions.com\/wp-content\/uploads\/2025\/09\/fondo-22-921x1024.png\" alt=\"\" class=\"wp-image-1017 size-full\" style=\"object-position:54% 21%\" srcset=\"https:\/\/www.hospsolutions.com\/wp-content\/uploads\/2025\/09\/fondo-22-921x1024.png 921w, https:\/\/www.hospsolutions.com\/wp-content\/uploads\/2025\/09\/fondo-22-270x300.png 270w, https:\/\/www.hospsolutions.com\/wp-content\/uploads\/2025\/09\/fondo-22-768x854.png 768w, https:\/\/www.hospsolutions.com\/wp-content\/uploads\/2025\/09\/fondo-22-1382x1536.png 1382w, https:\/\/www.hospsolutions.com\/wp-content\/uploads\/2025\/09\/fondo-22-1843x2048.png 1843w\" sizes=\"auto, (max-width: 921px) 100vw, 921px\" \/><\/figure><\/div>\n<\/div><\/div>\n<\/div>\n<\/div>\n\n\n\n<div class=\"wp-block-uagb-container uagb-block-023283fa alignfull uagb-is-root-container\"><div class=\"uagb-container-inner-blocks-wrap\">\n<div class=\"wp-block-uagb-container uagb-block-bcc460a9\">\n<div class=\"wp-block-uagb-image uagb-block-61bed5f4 wp-block-uagb-image--layout-overlay wp-block-uagb-image--effect-static wp-block-uagb-image--align-none\"><figure class=\"wp-block-uagb-image__figure\"><img decoding=\"async\" srcset=\"https:\/\/www.hospsolutions.com\/wp-content\/uploads\/2025\/09\/fondo-formulario-1.jpg ,https:\/\/www.hospsolutions.com\/wp-content\/uploads\/2025\/09\/fondo-formulario-1.jpg 780w, https:\/\/www.hospsolutions.com\/wp-content\/uploads\/2025\/09\/fondo-formulario-1.jpg 360w\" sizes=\"auto, (max-width: 480px) 150px\" src=\"https:\/\/www.hospsolutions.com\/wp-content\/uploads\/2025\/09\/fondo-formulario-1.jpg\" alt=\"\" class=\"uag-image-1013\" width=\"2303\" height=\"2560\" title=\"fondo-formulario\" loading=\"lazy\" role=\"img\"\/><div class=\"wp-block-uagb-image--layout-overlay__color-wrapper\"><\/div><div class=\"wp-block-uagb-image--layout-overlay__inner center-center\"><h2 class=\"uagb-image-heading\">Contact us<\/h2><\/div><\/figure><\/div>\n<\/div>\n\n\n\n<div class=\"wp-block-uagb-container uagb-block-85fc0723\">\n<div data-aos= \"fade\" data-aos-duration=\"400\" data-aos-delay=\"0\" data-aos-easing=\"ease\" data-aos-once=\"true\" class=\"wp-block-uagb-forms uagb-forms__outer-wrap uagb-block-f12a639e uagb-forms__medium-btn\"><form class=\"uagb-forms-main-form\" method=\"post\" autocomplete=\"on\" name=\"uagb-form-f12a639e\" action=\"\">\n<div class=\"wp-block-uagb-forms-name uagb-forms-name-wrap uagb-forms-field-set uagb-block-6f473227\"><div class=\"uagb-forms-name-label required uagb-forms-input-label\" id=\"6f473227\">First Name<\/div><input type=\"text\" placeholder=\"John\" required class=\"uagb-forms-name-input uagb-forms-input\" name=\"6f473227\" autocomplete=\"given-name\"\/><\/div>\n\n\n\n<div class=\"wp-block-uagb-forms-name uagb-forms-name-wrap uagb-forms-field-set uagb-block-04008f65\"><div class=\"uagb-forms-name-label required uagb-forms-input-label\" id=\"04008f65\">Last Name<\/div><input type=\"text\" placeholder=\"Doe\" required class=\"uagb-forms-name-input uagb-forms-input\" name=\"04008f65\" autocomplete=\"family-name\"\/><\/div>\n\n\n\n<div class=\"wp-block-uagb-forms-email uagb-forms-email-wrap uagb-forms-field-set uagb-block-8907a53e\"><div class=\"uagb-forms-email-label  uagb-forms-input-label\" id=\"8907a53e\">Email<\/div><input type=\"email\" class=\"uagb-forms-email-input uagb-forms-input\" placeholder=\"example@mail.com\" name=\"8907a53e\" autocomplete=\"email\"\/><\/div>\n\n\n\n<div class=\"wp-block-uagb-forms-textarea uagb-forms-textarea-wrap uagb-forms-field-set uagb-block-e1cb6edd\"><div class=\"uagb-forms-textarea-label required uagb-forms-input-label\" id=\"e1cb6edd\">Message<\/div><textarea required class=\"uagb-forms-textarea-input uagb-forms-input\" rows=\"4\" placeholder=\"Enter your message\" name=\"e1cb6edd\" autocomplete=\"off\"><\/textarea><\/div>\n<div class=\"uagb-forms-form-hidden-data\"><input type=\"hidden\" class=\"uagb_forms_form_label\" value=\"Spectra Form\"\/><input type=\"hidden\" class=\"uagb_forms_form_id\" value=\"uagb-form-f12a639e\"\/><\/div><div class=\"uagb-form-reacaptcha-error-f12a639e\"><\/div><div class=\"uagb-forms-main-submit-button-wrap wp-block-button\"><button class=\"uagb-forms-main-submit-button wp-block-button__link\"><div class=\"uagb-forms-main-submit-button-text\">Submit<\/div><\/button><\/div><input type=\"hidden\" name=\"trp-form-language\" value=\"en\"\/><\/form><div class=\"uagb-forms-success-message-f12a639e uagb-forms-submit-message-hide\"><span>The form has been submitted successfully!<\/span><\/div><div class=\"uagb-forms-failed-message-f12a639e uagb-forms-submit-message-hide\"><span>There has been some error while submitting the form. Please verify all form fields again.<\/span><\/div><\/div>\n<\/div>\n<\/div><\/div>","protected":false},"excerpt":{"rendered":"<p>Pasi\u00f3n por el servicio Vocaci\u00f3n aut\u00e9ntica por servir, aportando calidez humana y profesionalismo a cada equipo hotelero. Excelencia comprobada Compromiso [&hellip;]<\/p>","protected":false},"author":2,"featured_media":0,"parent":0,"menu_order":0,"comment_status":"closed","ping_status":"closed","template":"","meta":{"_uag_custom_page_level_css":"","site-sidebar-layout":"default","site-content-layout":"","ast-site-content-layout":"full-width-container","site-content-style":"default","site-sidebar-style":"unboxed","ast-global-header-display":"","ast-banner-title-visibility":"","ast-main-header-display":"","ast-hfb-above-header-display":"","ast-hfb-below-header-display":"","ast-hfb-mobile-header-display":"","site-post-title":"disabled","ast-breadcrumbs-content":"","ast-featured-img":"","footer-sml-layout":"","theme-transparent-header-meta":"","adv-header-id-meta":"","stick-header-meta":"","header-above-stick-meta":"","header-main-stick-meta":"","header-below-stick-meta":"","astra-migrate-meta-layouts":"default","ast-page-background-enabled":"default","ast-page-background-meta":{"desktop":{"background-color":"var(--ast-global-color-5)","background-image":"","background-repeat":"repeat","background-position":"center center","background-size":"auto","background-attachment":"scroll","background-type":"","background-media":"","overlay-type":"","overlay-color":"","overlay-opacity":"","overlay-gradient":""},"tablet":{"background-color":"","background-image":"","background-repeat":"repeat","background-position":"center center","background-size":"auto","background-attachment":"scroll","background-type":"","background-media":"","overlay-type":"","overlay-color":"","overlay-opacity":"","overlay-gradient":""},"mobile":{"background-color":"","background-image":"","background-repeat":"repeat","background-position":"center center","background-size":"auto","background-attachment":"scroll","background-type":"","background-media":"","overlay-type":"","overlay-color":"","overlay-opacity":"","overlay-gradient":""}},"ast-content-background-meta":{"desktop":{"background-color":"var(--ast-global-color-4)","background-image":"","background-repeat":"repeat","background-position":"center center","background-size":"auto","background-attachment":"scroll","background-type":"","background-media":"","overlay-type":"","overlay-color":"","overlay-opacity":"","overlay-gradient":""},"tablet":{"background-color":"var(--ast-global-color-4)","background-image":"","background-repeat":"repeat","background-position":"center center","background-size":"auto","background-attachment":"scroll","background-type":"","background-media":"","overlay-type":"","overlay-color":"","overlay-opacity":"","overlay-gradient":""},"mobile":{"background-color":"var(--ast-global-color-4)","background-image":"","background-repeat":"repeat","background-position":"center center","background-size":"auto","background-attachment":"scroll","background-type":"","background-media":"","overlay-type":"","overlay-color":"","overlay-opacity":"","overlay-gradient":""}},"footnotes":""},"class_list":["post-49","page","type-page","status-publish","hentry"],"uagb_featured_image_src":{"full":false,"thumbnail":false,"medium":false,"medium_large":false,"large":false,"1536x1536":false,"2048x2048":false,"trp-custom-language-flag":false},"uagb_author_info":{"display_name":"JOSE LUIS NOVOA","author_link":"https:\/\/www.hospsolutions.com\/en\/author\/tecdidata\/"},"uagb_comment_info":0,"uagb_excerpt":"Pasi\u00f3n por el servicio Vocaci\u00f3n aut\u00e9ntica por servir, aportando calidez humana y profesionalismo a cada equipo hotelero. Excelencia comprobada Compromiso [&hellip;]","_links":{"self":[{"href":"https:\/\/www.hospsolutions.com\/en\/wp-json\/wp\/v2\/pages\/49","targetHints":{"allow":["GET"]}}],"collection":[{"href":"https:\/\/www.hospsolutions.com\/en\/wp-json\/wp\/v2\/pages"}],"about":[{"href":"https:\/\/www.hospsolutions.com\/en\/wp-json\/wp\/v2\/types\/page"}],"author":[{"embeddable":true,"href":"https:\/\/www.hospsolutions.com\/en\/wp-json\/wp\/v2\/users\/2"}],"replies":[{"embeddable":true,"href":"https:\/\/www.hospsolutions.com\/en\/wp-json\/wp\/v2\/comments?post=49"}],"version-history":[{"count":11,"href":"https:\/\/www.hospsolutions.com\/en\/wp-json\/wp\/v2\/pages\/49\/revisions"}],"predecessor-version":[{"id":1634,"href":"https:\/\/www.hospsolutions.com\/en\/wp-json\/wp\/v2\/pages\/49\/revisions\/1634"}],"wp:attachment":[{"href":"https:\/\/www.hospsolutions.com\/en\/wp-json\/wp\/v2\/media?parent=49"}],"curies":[{"name":"wp","href":"https:\/\/api.w.org\/{rel}","templated":true}]}}