{"id":29,"date":"2025-09-04T20:45:58","date_gmt":"2025-09-04T20:45:58","guid":{"rendered":"https:\/\/www.hospsolutions.com\/?page_id=29"},"modified":"2026-02-10T02:43:07","modified_gmt":"2026-02-10T02:43:07","slug":"servicios","status":"publish","type":"page","link":"https:\/\/www.hospsolutions.com\/en\/servicios\/","title":{"rendered":"Services"},"content":{"rendered":"<div class=\"wp-block-cover alignwide has-parallax wp-duotone-unset-2\" style=\"margin-top:-20px;margin-bottom:-20px;padding-top:8.2rem;padding-bottom:8.2rem;min-height:50px;aspect-ratio:unset;\"><div class=\"wp-block-cover__image-background wp-image-1256 size-large has-parallax\" style=\"background-position:50% 50%;background-image:url(https:\/\/www.hospsolutions.com\/wp-content\/uploads\/2025\/10\/Fixed-Background-1024x728.jpg)\"><\/div><span aria-hidden=\"true\" class=\"wp-block-cover__background has-background-dim-60 has-background-dim\"><\/span><div class=\"wp-block-cover__inner-container is-layout-flow wp-block-cover-is-layout-flow\">\n<h3 class=\"wp-block-heading has-text-align-center alignwide has-white-color has-text-color\" style=\"font-size:35px;line-height:1.2\">We provide you with comprehensive solutions<\/h3>\n\n\n\n<p class=\"has-text-align-center has-ast-global-color-4-color has-text-color has-link-color wp-elements-0761388d5d13305f21b61fbff24c823a\" style=\"font-size:19px;font-style:normal;font-weight:200\">En HSG Hospitality entendemos que el \u00e9xito de un hotel depende en gran medida de la calidad de su equipo humano. Por eso, ofrecemos un proceso integral de reclutamiento, selecci\u00f3n y retenci\u00f3n de personal altamente calificado, dise\u00f1ado exclusivamente para el sector hotelero.<\/p>\n\n\n\n<div class=\"wp-block-buttons is-content-justification-center is-layout-flex wp-container-core-buttons-is-layout-a89b3969 wp-block-buttons-is-layout-flex\" style=\"border-style:none;border-width:0px\">\n<div class=\"wp-block-button is-style-outline is-style-outline--1\"><a class=\"wp-block-button__link has-text-align-center wp-element-button\" href=\"http:\/\/wa.link\/axkle4\" style=\"border-width:2px;padding-top:var(--wp--preset--spacing--40);padding-bottom:var(--wp--preset--spacing--40)\">Contact us<\/a><\/div>\n<\/div>\n<\/div><\/div>\n\n\n\n<div class=\"wp-block-uagb-container uagb-block-e551ea79 alignfull uagb-is-root-container\"><div class=\"uagb-container-inner-blocks-wrap\">\n<div class=\"wp-block-cover alignfull is-light has-aspect-ratio\" style=\"margin-top:var(--wp--preset--spacing--40);margin-bottom:var(--wp--preset--spacing--40);padding-top:0px;padding-bottom:0px;min-height:100vh;aspect-ratio:auto;min-height:unset;\"><span aria-hidden=\"true\" class=\"wp-block-cover__background has-background-dim-100 has-background-dim\" style=\"background-color:#ffffff\"><\/span><div class=\"wp-block-cover__inner-container is-layout-flow wp-container-core-cover-is-layout-b7d2a43b wp-block-cover-is-layout-flow\">\n<div class=\"wp-block-media-text alignwide is-stacked-on-mobile is-vertically-aligned-center is-image-fill-element\" style=\"grid-template-columns:56% auto\"><figure class=\"wp-block-media-text__media\"><img loading=\"lazy\" decoding=\"async\" width=\"1024\" height=\"683\" src=\"https:\/\/www.hospsolutions.com\/wp-content\/uploads\/2025\/09\/receptionists-work-elegant-suits-2-1024x683.jpg\" alt=\"\" class=\"wp-image-132 size-large\" style=\"object-position:63% 33%\" srcset=\"https:\/\/www.hospsolutions.com\/wp-content\/uploads\/2025\/09\/receptionists-work-elegant-suits-2-1024x683.jpg 1024w, https:\/\/www.hospsolutions.com\/wp-content\/uploads\/2025\/09\/receptionists-work-elegant-suits-2-300x200.jpg 300w, https:\/\/www.hospsolutions.com\/wp-content\/uploads\/2025\/09\/receptionists-work-elegant-suits-2-768x512.jpg 768w, https:\/\/www.hospsolutions.com\/wp-content\/uploads\/2025\/09\/receptionists-work-elegant-suits-2-1536x1024.jpg 1536w, https:\/\/www.hospsolutions.com\/wp-content\/uploads\/2025\/09\/receptionists-work-elegant-suits-2-2048x1366.jpg 2048w\" sizes=\"auto, (max-width: 1024px) 100vw, 1024px\" \/><\/figure><div class=\"wp-block-media-text__content\">\n<h2 class=\"wp-block-heading has-text-align-center has-ast-global-color-3-color has-text-color\" style=\"font-size:32px\"><strong>HIGH PERFORMANCE COLLABORATORS<\/strong><\/h2>\n\n\n\n<p class=\"has-text-align-center has-text-color\" style=\"color:#000000;font-size:17px;font-style:normal;font-weight:100\">We train and select high-performance collaborators, professionals capable of making a difference in every detail of hotel service. Our human talent combines <strong>technical skills, commitment and passion for service<\/strong>, ensuring memorable experiences for every guest.<\/p>\n<\/div><\/div>\n<\/div><\/div>\n\n\n\n<div class=\"wp-block-uagb-container uagb-block-1b734474\">\n<p class=\"has-text-align-center has-ast-global-color-4-color has-black-background-color has-text-color has-background has-link-color has-medium-font-size wp-elements-4efe4963511901274120e946c9102b7c\">Why choose us?<\/p>\n<\/div>\n\n\n\n<div class=\"wp-block-columns alignwide are-vertically-aligned-top is-layout-flex wp-container-core-columns-is-layout-a37ede85 wp-block-columns-is-layout-flex\" style=\"padding-right:var(--wp--preset--spacing--40);padding-left:var(--wp--preset--spacing--40)\">\n<div class=\"wp-block-column is-vertically-aligned-top is-layout-flow wp-block-column-is-layout-flow\">\n<div class=\"wp-block-group wp-container-content-231d8afb is-vertical is-content-justification-left is-nowrap is-layout-flex wp-container-core-group-is-layout-d439c89b wp-block-group-is-layout-flex\" style=\"margin-top:0;margin-bottom:0\">\n<figure class=\"wp-block-image size-large wp-container-content-0733e5d0\"><img loading=\"lazy\" decoding=\"async\" width=\"1024\" height=\"1024\" src=\"https:\/\/www.hospsolutions.com\/wp-content\/uploads\/2025\/10\/post-cuadrado-1024x1024.jpg\" alt=\"\" class=\"wp-image-1242\" srcset=\"https:\/\/www.hospsolutions.com\/wp-content\/uploads\/2025\/10\/post-cuadrado-1024x1024.jpg 1024w, https:\/\/www.hospsolutions.com\/wp-content\/uploads\/2025\/10\/post-cuadrado-300x300.jpg 300w, https:\/\/www.hospsolutions.com\/wp-content\/uploads\/2025\/10\/post-cuadrado-150x150.jpg 150w, https:\/\/www.hospsolutions.com\/wp-content\/uploads\/2025\/10\/post-cuadrado-768x768.jpg 768w, https:\/\/www.hospsolutions.com\/wp-content\/uploads\/2025\/10\/post-cuadrado-1536x1536.jpg 1536w, https:\/\/www.hospsolutions.com\/wp-content\/uploads\/2025\/10\/post-cuadrado-2048x2048.jpg 2048w, https:\/\/www.hospsolutions.com\/wp-content\/uploads\/2025\/10\/post-cuadrado-12x12.jpg 12w\" sizes=\"auto, (max-width: 1024px) 100vw, 1024px\" \/><\/figure>\n\n\n\n<div class=\"wp-block-group is-vertical is-nowrap is-layout-flex wp-container-core-group-is-layout-5280e479 wp-block-group-is-layout-flex\">\n<p class=\"has-small-font-size\"><\/p>\n<\/div>\n<\/div>\n<\/div>\n\n\n\n<div class=\"wp-block-column is-vertically-aligned-top is-layout-flow wp-block-column-is-layout-flow\">\n<div class=\"wp-block-group wp-container-content-231d8afb is-vertical is-layout-flex wp-container-core-group-is-layout-05b43539 wp-block-group-is-layout-flex\" style=\"margin-top:0;margin-bottom:0\">\n<div class=\"wp-block-cover is-light\" style=\"margin-top:5rem;margin-bottom:5rem;padding-top:var(--wp--preset--spacing--60);padding-right:var(--wp--preset--spacing--80);padding-bottom:var(--wp--preset--spacing--60);padding-left:var(--wp--preset--spacing--80)\"><img loading=\"lazy\" decoding=\"async\" width=\"1024\" height=\"1024\" class=\"wp-block-cover__image-background wp-image-1474\" alt=\"\" src=\"https:\/\/www.hospsolutions.com\/wp-content\/uploads\/2025\/10\/FONDO-AZUL-1024x1024.png\" data-object-fit=\"cover\" srcset=\"https:\/\/www.hospsolutions.com\/wp-content\/uploads\/2025\/10\/FONDO-AZUL-1024x1024.png 1024w, https:\/\/www.hospsolutions.com\/wp-content\/uploads\/2025\/10\/FONDO-AZUL-300x300.png 300w, https:\/\/www.hospsolutions.com\/wp-content\/uploads\/2025\/10\/FONDO-AZUL-150x150.png 150w, https:\/\/www.hospsolutions.com\/wp-content\/uploads\/2025\/10\/FONDO-AZUL-768x768.png 768w, https:\/\/www.hospsolutions.com\/wp-content\/uploads\/2025\/10\/FONDO-AZUL-1536x1536.png 1536w, https:\/\/www.hospsolutions.com\/wp-content\/uploads\/2025\/10\/FONDO-AZUL-2048x2048.png 2048w, https:\/\/www.hospsolutions.com\/wp-content\/uploads\/2025\/10\/FONDO-AZUL-12x12.png 12w\" sizes=\"auto, (max-width: 1024px) 100vw, 1024px\" \/><span aria-hidden=\"true\" class=\"wp-block-cover__background has-background-dim-0 has-background-dim\"><\/span><div class=\"wp-block-cover__inner-container is-layout-flow wp-container-core-cover-is-layout-42d3c218 wp-block-cover-is-layout-flow\">\n<p class=\"has-text-align-left has-black-color has-text-color has-link-color wp-elements-6f9a4710333dd4341af21c90e42b9e45\" style=\"font-size:20px\">Trust and Legal Support<\/p>\n\n\n\n<p class=\"has-text-align-left has-black-color has-text-color has-link-color wp-elements-3f0e052bffd86b0cb7e4cab9195fdd2e\" style=\"padding-right:var(--wp--preset--spacing--20);padding-left:var(--wp--preset--spacing--20);font-size:18px;font-style:normal;font-weight:100\">We cover all insurance, taxes, and regulations, giving you peace of mind and legal support with every contract.<\/p>\n\n\n\n<p class=\"has-text-align-left has-black-color has-text-color has-link-color wp-elements-2e5c6fc7953901e3ca4dfd43adb590e9\" style=\"font-size:20px\"><strong>Flexible Solutions<\/strong><\/p>\n\n\n\n<p class=\"has-text-align-left has-black-color has-text-color has-link-color wp-elements-6f6b0914b37e58c295bc03fd552dcd71\" style=\"padding-right:var(--wp--preset--spacing--20);padding-left:var(--wp--preset--spacing--20);font-size:18px;font-style:normal;font-weight:100\">We adapt to your hotel's needs, offering temporary or permanent staffing options depending on the situation.<\/p>\n\n\n\n<p class=\"has-text-align-left has-black-color has-text-color has-link-color wp-elements-39cd37848dc6e7e948a5f86449acd637\" style=\"font-size:20px\"><strong>Reliable and Qualified Talent<\/strong><\/p>\n\n\n\n<p class=\"has-text-align-left has-black-color has-text-color has-link-color wp-elements-b50c31f73b30fd219824ae175458ba93\" style=\"padding-right:var(--wp--preset--spacing--20);padding-left:var(--wp--preset--spacing--20);font-size:18px;font-style:normal;font-weight:100\">We select and train the best professionals in the sector, ensuring committed and high-performing employees.<\/p>\n<\/div><\/div>\n<\/div>\n<\/div>\n<\/div>\n<\/div><\/div>\n\n\n\n<div class=\"wp-block-uagb-container uagb-block-0fd8dd70 alignfull uagb-is-root-container\"><div class=\"uagb-container-inner-blocks-wrap\"><\/div><\/div>\n\n\n\n<div class=\"wp-block-uagb-container uagb-block-955ce505 alignfull uagb-is-root-container\"><div class=\"uagb-container-inner-blocks-wrap\"><\/div><\/div>\n\n\n\n<div class=\"wp-block-group alignfull has-text-color is-layout-flow wp-block-group-is-layout-flow has-background\" style=\"color:#000000;padding-right:var(--wp--preset--spacing--40);padding-left:var(--wp--preset--spacing--40);background-image:url(&apos;https:\/\/www.hospsolutions.com\/wp-content\/uploads\/2025\/10\/FONDO-5.jpg&apos;);background-position:33% 28.999999999999996%;background-size:cover;\">\n<div style=\"height:64px\" aria-hidden=\"true\" class=\"wp-block-spacer\"><\/div>\n\n\n\n<p class=\"has-text-align-center has-ast-global-color-4-color has-text-color has-link-color has-medium-font-size wp-elements-8d18bc5a3f7e802d100a44e72327b083\" style=\"line-height:.9\"><strong>Get in touch<\/strong> <\/p>\n\n\n\n<h2 class=\"wp-block-heading has-text-align-center has-ast-global-color-4-color has-text-color has-link-color wp-elements-85b03d7d11ff0388199f44f7c11c2360\" id=\"schedule-a-visit\" style=\"padding-right:var(--wp--preset--spacing--60);padding-left:var(--wp--preset--spacing--60);font-size:28px;line-height:1.15\"><strong>Offer quality service with us<\/strong><\/h2>\n\n\n\n<div class=\"wp-block-buttons is-horizontal is-content-justification-center is-layout-flex wp-container-core-buttons-is-layout-03627597 wp-block-buttons-is-layout-flex\">\n<div class=\"wp-block-button has-custom-width wp-block-button__width-50\"><a class=\"wp-block-button__link has-text-color has-background wp-element-button\" href=\"https:\/\/www.hospsolutions.com\/en\/contactanos\/\" style=\"border-radius:50px;color:#ffffff;background-color:#000000\">Contact us<\/a><\/div>\n<\/div>\n\n\n\n<div style=\"height:64px\" aria-hidden=\"true\" class=\"wp-block-spacer\"><\/div>\n<\/div>","protected":false},"excerpt":{"rendered":"<p>\u00bfPorque elegirnos? Ponte en contacto Ofrece un servicio de calidad con nosotros<\/p>","protected":false},"author":2,"featured_media":0,"parent":0,"menu_order":0,"comment_status":"closed","ping_status":"closed","template":"","meta":{"_uag_custom_page_level_css":"","site-sidebar-layout":"default","site-content-layout":"","ast-site-content-layout":"default","site-content-style":"default","site-sidebar-style":"default","ast-global-header-display":"","ast-banner-title-visibility":"","ast-main-header-display":"","ast-hfb-above-header-display":"","ast-hfb-below-header-display":"","ast-hfb-mobile-header-display":"","site-post-title":"disabled","ast-breadcrumbs-content":"","ast-featured-img":"","footer-sml-layout":"","theme-transparent-header-meta":"","adv-header-id-meta":"","stick-header-meta":"","header-above-stick-meta":"","header-main-stick-meta":"","header-below-stick-meta":"","astra-migrate-meta-layouts":"default","ast-page-background-enabled":"default","ast-page-background-meta":{"desktop":{"background-color":"var(--ast-global-color-5)","background-image":"","background-repeat":"repeat","background-position":"center center","background-size":"auto","background-attachment":"scroll","background-type":"","background-media":"","overlay-type":"","overlay-color":"","overlay-opacity":"","overlay-gradient":""},"tablet":{"background-color":"","background-image":"","background-repeat":"repeat","background-position":"center center","background-size":"auto","background-attachment":"scroll","background-type":"","background-media":"","overlay-type":"","overlay-color":"","overlay-opacity":"","overlay-gradient":""},"mobile":{"background-color":"","background-image":"","background-repeat":"repeat","background-position":"center center","background-size":"auto","background-attachment":"scroll","background-type":"","background-media":"","overlay-type":"","overlay-color":"","overlay-opacity":"","overlay-gradient":""}},"ast-content-background-meta":{"desktop":{"background-color":"var(--ast-global-color-4)","background-image":"","background-repeat":"repeat","background-position":"center center","background-size":"auto","background-attachment":"scroll","background-type":"","background-media":"","overlay-type":"","overlay-color":"","overlay-opacity":"","overlay-gradient":""},"tablet":{"background-color":"var(--ast-global-color-4)","background-image":"","background-repeat":"repeat","background-position":"center center","background-size":"auto","background-attachment":"scroll","background-type":"","background-media":"","overlay-type":"","overlay-color":"","overlay-opacity":"","overlay-gradient":""},"mobile":{"background-color":"var(--ast-global-color-4)","background-image":"","background-repeat":"repeat","background-position":"center center","background-size":"auto","background-attachment":"scroll","background-type":"","background-media":"","overlay-type":"","overlay-color":"","overlay-opacity":"","overlay-gradient":""}},"footnotes":""},"class_list":["post-29","page","type-page","status-publish","hentry"],"uagb_featured_image_src":{"full":false,"thumbnail":false,"medium":false,"medium_large":false,"large":false,"1536x1536":false,"2048x2048":false,"trp-custom-language-flag":false},"uagb_author_info":{"display_name":"JOSE LUIS NOVOA","author_link":"https:\/\/www.hospsolutions.com\/en\/author\/tecdidata\/"},"uagb_comment_info":0,"uagb_excerpt":"\u00bfPorque elegirnos? Ponte en contacto Ofrece un servicio de calidad con nosotros","_links":{"self":[{"href":"https:\/\/www.hospsolutions.com\/en\/wp-json\/wp\/v2\/pages\/29","targetHints":{"allow":["GET"]}}],"collection":[{"href":"https:\/\/www.hospsolutions.com\/en\/wp-json\/wp\/v2\/pages"}],"about":[{"href":"https:\/\/www.hospsolutions.com\/en\/wp-json\/wp\/v2\/types\/page"}],"author":[{"embeddable":true,"href":"https:\/\/www.hospsolutions.com\/en\/wp-json\/wp\/v2\/users\/2"}],"replies":[{"embeddable":true,"href":"https:\/\/www.hospsolutions.com\/en\/wp-json\/wp\/v2\/comments?post=29"}],"version-history":[{"count":10,"href":"https:\/\/www.hospsolutions.com\/en\/wp-json\/wp\/v2\/pages\/29\/revisions"}],"predecessor-version":[{"id":1639,"href":"https:\/\/www.hospsolutions.com\/en\/wp-json\/wp\/v2\/pages\/29\/revisions\/1639"}],"wp:attachment":[{"href":"https:\/\/www.hospsolutions.com\/en\/wp-json\/wp\/v2\/media?parent=29"}],"curies":[{"name":"wp","href":"https:\/\/api.w.org\/{rel}","templated":true}]}}